{"id":16028,"date":"2024-10-27T00:01:45","date_gmt":"2024-10-26T22:01:45","guid":{"rendered":"https:\/\/cgsbaleares.com\/?page_id=16028"},"modified":"2025-03-24T00:26:29","modified_gmt":"2025-03-24T00:26:29","slug":"elementor-16028","status":"publish","type":"page","link":"https:\/\/cgsbaleares.com\/ca\/elementor-16028\/","title":{"rendered":"Benvinguda"},"content":{"rendered":"\t\t<div data-elementor-type=\"wp-page\" data-elementor-id=\"16028\" class=\"elementor elementor-16028 elementor-6176\" data-elementor-post-type=\"page\">\n\t\t\t\t<div class=\"elementor-element elementor-element-137a251 e-con-full e-flex e-con e-parent\" data-id=\"137a251\" data-element_type=\"container\" data-e-type=\"container\">\n\t\t\t\t<div class=\"elementor-element elementor-element-9b81892 elementor-widget elementor-widget-template\" data-id=\"9b81892\" data-element_type=\"widget\" data-e-type=\"widget\" data-widget_type=\"template.default\">\n\t\t\t\t<div class=\"elementor-widget-container\">\n\t\t\t\t\t\t\t<div class=\"elementor-template\">\n\t\t\t\t\t<div data-elementor-type=\"section\" data-elementor-id=\"6170\" class=\"elementor elementor-6170\" data-elementor-post-type=\"elementor_library\">\n\t\t\t<div class=\"elementor-element elementor-element-fcddb6c e-flex e-con-boxed e-con e-parent\" data-id=\"fcddb6c\" data-element_type=\"container\" data-e-type=\"container\" data-settings=\"{&quot;background_background&quot;:&quot;classic&quot;}\">\n\t\t\t\t\t<div class=\"e-con-inner\">\n\t\t<div class=\"elementor-element elementor-element-9c4e6e4 e-con-full e-flex e-con e-child\" data-id=\"9c4e6e4\" data-element_type=\"container\" data-e-type=\"container\">\n\t\t\t\t<div class=\"elementor-element elementor-element-c6a9a35 elementor-widget elementor-widget-breadcrumbs\" data-id=\"c6a9a35\" data-element_type=\"widget\" data-e-type=\"widget\" data-widget_type=\"breadcrumbs.default\">\n\t\t\t\t<div class=\"elementor-widget-container\">\n\t\t\t\t\t<p id=\"breadcrumbs\"><span><span><a href=\"https:\/\/cgsbaleares.com\/ca\/\">Portada<\/a><\/span><\/span><\/p>\t\t\t\t<\/div>\n\t\t\t\t<\/div>\n\t\t\t\t<div class=\"elementor-element elementor-element-453acd3 elementor-widget__width-inherit elementor-widget-divider--view-line elementor-invisible elementor-widget elementor-widget-divider\" data-id=\"453acd3\" data-element_type=\"widget\" data-e-type=\"widget\" data-settings=\"{&quot;_animation&quot;:&quot;fadeInLeft&quot;}\" data-widget_type=\"divider.default\">\n\t\t\t\t<div class=\"elementor-widget-container\">\n\t\t\t\t\t\t\t<div class=\"elementor-divider\">\n\t\t\t<span class=\"elementor-divider-separator\">\n\t\t\t\t\t\t<\/span>\n\t\t<\/div>\n\t\t\t\t\t\t<\/div>\n\t\t\t\t<\/div>\n\t\t\t\t<\/div>\n\t\t\t\t<div class=\"elementor-element elementor-element-a79a6aa elementor-widget__width-initial elementor-widget-tablet__width-inherit elementor-widget elementor-widget-heading\" data-id=\"a79a6aa\" data-element_type=\"widget\" data-e-type=\"widget\" data-widget_type=\"heading.default\">\n\t\t\t\t<div class=\"elementor-widget-container\">\n\t\t\t\t\t<h1 class=\"elementor-heading-title elementor-size-default\">El Colegio<\/h1>\t\t\t\t<\/div>\n\t\t\t\t<\/div>\n\t\t\t\t\t<\/div>\n\t\t\t\t<\/div>\n\t\t\t\t<\/div>\n\t\t\t\t<\/div>\n\t\t\t\t\t\t<\/div>\n\t\t\t\t<\/div>\n\t\t\t\t<\/div>\n\t\t<div class=\"elementor-element elementor-element-03f7833 e-flex e-con-boxed e-con e-parent\" data-id=\"03f7833\" data-element_type=\"container\" data-e-type=\"container\">\n\t\t\t\t\t<div class=\"e-con-inner\">\n\t\t<div class=\"elementor-element elementor-element-4cc65de e-con-full elementor-hidden-mobile e-flex e-con e-child\" data-id=\"4cc65de\" data-element_type=\"container\" data-e-type=\"container\" data-settings=\"{&quot;sticky&quot;:&quot;top&quot;,&quot;sticky_offset&quot;:110,&quot;sticky_on&quot;:[&quot;desktop&quot;,&quot;tablet&quot;,&quot;mobile&quot;],&quot;sticky_effects_offset&quot;:0,&quot;sticky_anchor_link_offset&quot;:0}\">\n\t\t\t\t<div class=\"elementor-element elementor-element-0101e8c elementor-widget elementor-widget-template\" data-id=\"0101e8c\" data-element_type=\"widget\" data-e-type=\"widget\" data-widget_type=\"template.default\">\n\t\t\t\t<div class=\"elementor-widget-container\">\n\t\t\t\t\t\t\t<div class=\"elementor-template\">\n\t\t\t\t\t<div data-elementor-type=\"section\" data-elementor-id=\"6410\" class=\"elementor elementor-6410\" data-elementor-post-type=\"elementor_library\">\n\t\t\t<div class=\"elementor-element elementor-element-88709d5 e-flex e-con-boxed e-con e-parent\" data-id=\"88709d5\" data-element_type=\"container\" data-e-type=\"container\">\n\t\t\t\t\t<div class=\"e-con-inner\">\n\t\t\t\t<div class=\"elementor-element elementor-element-9163a53 elementor-nav-menu__text-align-aside elementor-widget elementor-widget-nav-menu\" data-id=\"9163a53\" data-element_type=\"widget\" data-e-type=\"widget\" data-settings=\"{&quot;layout&quot;:&quot;dropdown&quot;,&quot;submenu_icon&quot;:{&quot;value&quot;:&quot;&lt;svg aria-hidden=\\&quot;true\\&quot; class=\\&quot;e-font-icon-svg e-fas-caret-down\\&quot; viewBox=\\&quot;0 0 320 512\\&quot; xmlns=\\&quot;http:\\\/\\\/www.w3.org\\\/2000\\\/svg\\&quot;&gt;&lt;path d=\\&quot;M31.3 192h257.3c17.8 0 26.7 21.5 14.1 34.1L174.1 354.8c-7.8 7.8-20.5 7.8-28.3 0L17.2 226.1C4.6 213.5 13.5 192 31.3 192z\\&quot;&gt;&lt;\\\/path&gt;&lt;\\\/svg&gt;&quot;,&quot;library&quot;:&quot;fa-solid&quot;}}\" data-widget_type=\"nav-menu.default\">\n\t\t\t\t<div class=\"elementor-widget-container\">\n\t\t\t\t\t\t\t\t<nav class=\"elementor-nav-menu--dropdown elementor-nav-menu__container\" aria-hidden=\"true\">\n\t\t\t\t<ul id=\"menu-2-9163a53\" class=\"elementor-nav-menu\"><li class=\"menu-item menu-item-type-post_type menu-item-object-page menu-item-6417\"><a href=\"https:\/\/cgsbaleares.com\/el-colegio\/bienvenida\/\" class=\"elementor-item\" tabindex=\"-1\">Benvinguda<\/a><\/li>\n<li class=\"menu-item menu-item-type-post_type menu-item-object-page menu-item-6414\"><a href=\"https:\/\/cgsbaleares.com\/el-colegio\/junta-de-gobierno\/\" class=\"elementor-item\" tabindex=\"-1\">Junta de Govern<\/a><\/li>\n<li class=\"menu-item menu-item-type-post_type menu-item-object-page menu-item-6413\"><a href=\"https:\/\/cgsbaleares.com\/el-colegio\/comisiones-de-trabajo\/\" class=\"elementor-item\" tabindex=\"-1\">Comissions de treball<\/a><\/li>\n<li class=\"menu-item menu-item-type-post_type menu-item-object-page menu-item-6415\"><a href=\"https:\/\/cgsbaleares.com\/el-colegio\/servicios-administrativos\/\" class=\"elementor-item\" tabindex=\"-1\">Serveis administratius<\/a><\/li>\n<li class=\"menu-item menu-item-type-post_type menu-item-object-page menu-item-6412\"><a href=\"https:\/\/cgsbaleares.com\/el-colegio\/servicios-colegiales\/\" class=\"elementor-item\" tabindex=\"-1\">Serveis Col\u00b7legials<\/a><\/li>\n<li class=\"menu-item menu-item-type-post_type menu-item-object-page menu-item-6416\"><a href=\"https:\/\/cgsbaleares.com\/el-colegio\/nuestra-sede\/\" class=\"elementor-item\" tabindex=\"-1\">La nostra seu<\/a><\/li>\n<\/ul>\t\t\t<\/nav>\n\t\t\t\t\t\t<\/div>\n\t\t\t\t<\/div>\n\t\t\t\t\t<\/div>\n\t\t\t\t<\/div>\n\t\t\t\t<\/div>\n\t\t\t\t<\/div>\n\t\t\t\t\t\t<\/div>\n\t\t\t\t<\/div>\n\t\t\t\t<\/div>\n\t\t<div class=\"elementor-element elementor-element-7b53e06 e-con-full e-flex e-con e-child\" data-id=\"7b53e06\" data-element_type=\"container\" data-e-type=\"container\">\n\t\t\t\t<div class=\"elementor-element elementor-element-28ad59d elementor-widget elementor-widget-image\" data-id=\"28ad59d\" data-element_type=\"widget\" data-e-type=\"widget\" data-widget_type=\"image.default\">\n\t\t\t\t<div class=\"elementor-widget-container\">\n\t\t\t\t\t\t\t\t\t\t\t\t\t\t\t<img fetchpriority=\"high\" decoding=\"async\" width=\"800\" height=\"533\" src=\"https:\/\/cgsbaleares.com\/wp-content\/uploads\/2024\/12\/fotomerce-merce-2-1024x682.jpg\" class=\"attachment-large size-large wp-image-15769\" alt=\"\" srcset=\"https:\/\/cgsbaleares.com\/wp-content\/uploads\/2024\/12\/fotomerce-merce-2-1024x682.jpg 1024w, https:\/\/cgsbaleares.com\/wp-content\/uploads\/2024\/12\/fotomerce-merce-2-300x200.jpg 300w, https:\/\/cgsbaleares.com\/wp-content\/uploads\/2024\/12\/fotomerce-merce-2-768x511.jpg 768w, https:\/\/cgsbaleares.com\/wp-content\/uploads\/2024\/12\/fotomerce-merce-2.jpg 1500w\" sizes=\"(max-width: 800px) 100vw, 800px\" \/>\t\t\t\t\t\t\t\t\t\t\t\t\t\t\t<\/div>\n\t\t\t\t<\/div>\n\t\t\t\t<div class=\"elementor-element elementor-element-29aef470 elementor-widget elementor-widget-text-editor\" data-id=\"29aef470\" data-element_type=\"widget\" data-e-type=\"widget\" data-widget_type=\"text-editor.default\">\n\t\t\t\t<div class=\"elementor-widget-container\">\n\t\t\t\t\t\t\t\t\t<h4 data-start=\"109\" data-end=\"189\">Benvinguts al Col\u00b7legi Oficial de Graduats Socials de les Illes Balears.<\/h4><p class=\"\" data-start=\"191\" data-end=\"468\">L\u2019any 2025, any en qu\u00e8 es compleixen 100 anys del Reial decret que va assentar les bases de la Just\u00edcia Social a Espanya, en regular per primera vegada els centres amb car\u00e0cter d\u2019\u201cEscola de lo Social\u201d, bressol de l\u2019origen de la professi\u00f3 de Graduat Social, estrenem nou portal.<\/p><p class=\"\" data-start=\"470\" data-end=\"619\">Aquesta nova p\u00e0gina web, m\u00e9s moderna i intu\u00eftiva, incorpora ja el nou logotip que identifica tots i totes les graduades i graduats socials d\u2019Espanya.<\/p><p class=\"\" data-start=\"621\" data-end=\"720\">Us convidam a visitar-la regularment per estar al dia de totes les novetats que anirem incorporant.<\/p><h4 data-start=\"727\" data-end=\"743\">Qui som?<\/h4><p class=\"\" data-start=\"745\" data-end=\"942\">Els Graduats Socials som professionals experts en Relacions Laborals i Recursos Humans, compromesos amb la promoci\u00f3 de la Just\u00edcia Social i amb la contribuci\u00f3 a la pau laboral a la nostra societat.<\/p><h4 data-start=\"949\" data-end=\"976\">El nostre comprom\u00eds<\/h4><p class=\"\" data-start=\"978\" data-end=\"1282\">En un m\u00f3n laboral en constant evoluci\u00f3, la feina \u00e9s un dels pilars fonamentals de les nostres vides. El nostre objectiu \u00e9s garantir que aquesta es desenvolupi en un entorn de seguretat, estabilitat i amb la menor conflictivitat possible, contribuint aix\u00ed al benestar dels treballadors i de l\u2019empresariat.<\/p><h4 data-start=\"1289\" data-end=\"1318\">Com podem ajudar-vos?<\/h4><p class=\"\" data-start=\"1320\" data-end=\"1416\">Comptar amb un Graduat Social \u00e9s una garantia de professionalitat i coneixement en mat\u00e8ries com:<\/p><p class=\"\" data-start=\"1418\" data-end=\"1466\"><strong data-start=\"1418\" data-end=\"1466\">Assessorament laboral i de Seguretat Social:<\/strong><\/p><ul data-start=\"1467\" data-end=\"1634\"><li class=\"\" data-start=\"1467\" data-end=\"1519\"><p class=\"\" data-start=\"1469\" data-end=\"1519\">C\u00e0lcul i formalitzaci\u00f3 de n\u00f2mines i cotitzacions<\/p><\/li><li class=\"\" data-start=\"1520\" data-end=\"1634\"><p class=\"\" data-start=\"1522\" data-end=\"1634\">Aplicaci\u00f3 correcta de salaris i quotes per garantir prestacions com atur, jubilaci\u00f3, incapacitat permanent, etc.<\/p><\/li><\/ul><p class=\"\" data-start=\"1636\" data-end=\"1670\"><strong data-start=\"1636\" data-end=\"1670\">Assessorament jur\u00eddic-laboral:<\/strong><\/p><ul data-start=\"1671\" data-end=\"1984\"><li class=\"\" data-start=\"1671\" data-end=\"1904\"><p class=\"\" data-start=\"1673\" data-end=\"1904\">Defensa d\u2019empreses, treballadors i pensionistes en procediments davant els Jutjats Socials, Tribunals Superiors de Just\u00edcia i Jutjats Mercantils, en tots aquells processos relacionats amb el m\u00f3n del treball i la Seguretat Social.<\/p><\/li><li class=\"\" data-start=\"1905\" data-end=\"1984\"><p class=\"\" data-start=\"1907\" data-end=\"1984\">Gesti\u00f3 d\u2019assumptes relacionats amb el Dret del Treball i la Seguretat Social.<\/p><\/li><\/ul><h4 data-start=\"1991\" data-end=\"2022\">Contacteu amb nosaltres<\/h4><p class=\"\" data-start=\"2024\" data-end=\"2282\">Confiau en nosaltres. Les nostres portes estan obertes per a vosaltres. Visitau la nostra seu i instal\u00b7lacions, o contactau-nos a trav\u00e9s d\u2019aquesta p\u00e0gina web. Estam a la vostra disposici\u00f3 per oferir-vos tota la informaci\u00f3 i assist\u00e8ncia que pugueu necessitar.<\/p><p class=\"\" data-start=\"2284\" data-end=\"2395\">Si sou graduat\/da social, podreu accedir a l\u2019\u00e0rea privada on trobareu continguts exclusius per als col\u00b7legiats.<\/p><p><!-- \/wp:paragraph --><\/p>\t\t\t\t\t\t\t\t<\/div>\n\t\t\t\t<\/div>\n\t\t\t\t<div class=\"elementor-element elementor-element-af632b1 elementor-widget elementor-widget-text-editor\" data-id=\"af632b1\" data-element_type=\"widget\" data-e-type=\"widget\" data-widget_type=\"text-editor.default\">\n\t\t\t\t<div class=\"elementor-widget-container\">\n\t\t\t\t\t\t\t\t\t<p>Atentament<\/p><p><!-- \/wp:paragraph --><!-- wp:paragraph --><\/p><h4><i>Il\u00b7lma. Sra. Merc\u00e8 Garc\u00eda Mill\u00e1n<\/i><\/h4><h6>Presidenta de l&#8217;Il\u00b7lustre Col\u00b7legi Oficial de Graduats Socials dels Illes Balears.<\/h6>\t\t\t\t\t\t\t\t<\/div>\n\t\t\t\t<\/div>\n\t\t\t\t<\/div>\n\t\t\t\t\t<\/div>\n\t\t\t\t<\/div>\n\t\t\t\t<\/div>\n\t\t","protected":false},"excerpt":{"rendered":"<p>Benvinguts al Col\u00b7legi Oficial de Graduats Socials de les Illes Balears. L\u2019any 2025, any en qu\u00e8 es compleixen 100 anys del Reial decret que va assentar les bases de la Just\u00edcia Social a Espanya, en regular per primera vegada els centres amb car\u00e0cter d\u2019\u201cEscola de lo Social\u201d, bressol de l\u2019origen de la professi\u00f3 de Graduat [&hellip;]<\/p>\n","protected":false},"author":1,"featured_media":0,"parent":0,"menu_order":0,"comment_status":"closed","ping_status":"closed","template":"","meta":{"_monsterinsights_skip_tracking":false,"_monsterinsights_sitenote_active":false,"_monsterinsights_sitenote_note":"","_monsterinsights_sitenote_category":0,"_uf_show_specific_survey":0,"_uf_disable_surveys":false,"_jet_sm_ready_style":"","_jet_sm_style":"","_jet_sm_controls_values":"","_jet_sm_fonts_collection":"","_jet_sm_fonts_links":"","footnotes":""},"class_list":["post-16028","page","type-page","status-publish","hentry"],"desde":null,"hasta":null,"texto_circular":null,"hora_envio":null,"texto_ciruclar":null,"texto-circular":null,"asunto_circular":null,"documentos":null,"lugar_del_evento":null,"texto_fechas_":null,"envio_circular":null,"enviar_newsletter":null,"fecha_envio":null,"estado_envio":null,"destinatarios":null,"demarcaciones":null,"pendiente":null,"yoast_head":"<!-- This site is optimized with the Yoast SEO plugin v27.4 - https:\/\/yoast.com\/product\/yoast-seo-wordpress\/ -->\n<title>Benvinguda - Il\u00b7lustre Col\u00b7legi Oficial de Graduats Socials de le Illes Balears<\/title>\n<meta name=\"robots\" content=\"index, follow, max-snippet:-1, max-image-preview:large, max-video-preview:-1\" \/>\n<link rel=\"canonical\" href=\"https:\/\/cgsbaleares.com\/el-colegio\/bienvenida\/\" \/>\n<meta property=\"og:locale\" content=\"ca_ES\" \/>\n<meta property=\"og:type\" content=\"article\" \/>\n<meta property=\"og:title\" content=\"Benvinguda - Il\u00b7lustre Col\u00b7legi Oficial de Graduats Socials de le Illes Balears\" \/>\n<meta property=\"og:description\" content=\"Benvinguts al Col\u00b7legi Oficial de Graduats Socials de les Illes Balears. L\u2019any 2025, any en qu\u00e8 es compleixen 100 anys del Reial decret que va assentar les bases de la Just\u00edcia Social a Espanya, en regular per primera vegada els centres amb car\u00e0cter d\u2019\u201cEscola de lo Social\u201d, bressol de l\u2019origen de la professi\u00f3 de Graduat [&hellip;]\" \/>\n<meta property=\"og:url\" content=\"https:\/\/cgsbaleares.com\/el-colegio\/bienvenida\/\" \/>\n<meta property=\"og:site_name\" content=\"Il\u00b7lustre Col\u00b7legi Oficial de Graduats Socials de le Illes Balears\" \/>\n<meta property=\"article:publisher\" content=\"https:\/\/www.facebook.com\/graduadossocialesbaleares\" \/>\n<meta property=\"article:modified_time\" content=\"2025-03-24T00:26:29+00:00\" \/>\n<meta property=\"og:image\" content=\"http:\/\/cgsbaleares.com\/wp-content\/uploads\/2024\/12\/fotomerce-merce-2-1024x682.jpg\" \/>\n<meta name=\"twitter:card\" content=\"summary_large_image\" \/>\n<meta name=\"twitter:site\" content=\"@cgsbaleares\" \/>\n<meta name=\"twitter:label1\" content=\"Temps estimat de lectura\" \/>\n\t<meta name=\"twitter:data1\" content=\"2 minuts\" \/>\n<script type=\"application\/ld+json\" class=\"yoast-schema-graph\">{\"@context\":\"https:\\\/\\\/schema.org\",\"@graph\":[{\"@type\":\"WebPage\",\"@id\":\"https:\\\/\\\/cgsbaleares.com\\\/el-colegio\\\/bienvenida\\\/\",\"url\":\"https:\\\/\\\/cgsbaleares.com\\\/el-colegio\\\/bienvenida\\\/\",\"name\":\"Benvinguda - Il\u00b7lustre Col\u00b7legi Oficial de Graduats Socials de le Illes Balears\",\"isPartOf\":{\"@id\":\"https:\\\/\\\/cgsbaleares.com\\\/#website\"},\"primaryImageOfPage\":{\"@id\":\"https:\\\/\\\/cgsbaleares.com\\\/el-colegio\\\/bienvenida\\\/#primaryimage\"},\"image\":{\"@id\":\"https:\\\/\\\/cgsbaleares.com\\\/el-colegio\\\/bienvenida\\\/#primaryimage\"},\"thumbnailUrl\":\"http:\\\/\\\/cgsbaleares.com\\\/wp-content\\\/uploads\\\/2024\\\/12\\\/fotomerce-merce-2-1024x682.jpg\",\"datePublished\":\"2024-10-26T22:01:45+00:00\",\"dateModified\":\"2025-03-24T00:26:29+00:00\",\"breadcrumb\":{\"@id\":\"https:\\\/\\\/cgsbaleares.com\\\/el-colegio\\\/bienvenida\\\/#breadcrumb\"},\"inLanguage\":\"ca\",\"potentialAction\":[{\"@type\":\"ReadAction\",\"target\":[\"https:\\\/\\\/cgsbaleares.com\\\/el-colegio\\\/bienvenida\\\/\"]}]},{\"@type\":\"ImageObject\",\"inLanguage\":\"ca\",\"@id\":\"https:\\\/\\\/cgsbaleares.com\\\/el-colegio\\\/bienvenida\\\/#primaryimage\",\"url\":\"http:\\\/\\\/cgsbaleares.com\\\/wp-content\\\/uploads\\\/2024\\\/12\\\/fotomerce-merce-2-1024x682.jpg\",\"contentUrl\":\"http:\\\/\\\/cgsbaleares.com\\\/wp-content\\\/uploads\\\/2024\\\/12\\\/fotomerce-merce-2-1024x682.jpg\"},{\"@type\":\"BreadcrumbList\",\"@id\":\"https:\\\/\\\/cgsbaleares.com\\\/el-colegio\\\/bienvenida\\\/#breadcrumb\",\"itemListElement\":[{\"@type\":\"ListItem\",\"position\":1,\"name\":\"Portada\",\"item\":\"https:\\\/\\\/cgsbaleares.com\\\/ca\\\/\"},{\"@type\":\"ListItem\",\"position\":2,\"name\":\"Benvinguda\"}]},{\"@type\":\"WebSite\",\"@id\":\"https:\\\/\\\/cgsbaleares.com\\\/#website\",\"url\":\"https:\\\/\\\/cgsbaleares.com\\\/\",\"name\":\"Il\u00b7ustre Col\u00b7legi Oficial de Graduats Socials de le Illes Balears\",\"description\":\"Il\u00b7lustre Col\u00b7legi Oficial de Graduats Socials de les Illes Balears\",\"publisher\":{\"@id\":\"https:\\\/\\\/cgsbaleares.com\\\/#organization\"},\"potentialAction\":[{\"@type\":\"SearchAction\",\"target\":{\"@type\":\"EntryPoint\",\"urlTemplate\":\"https:\\\/\\\/cgsbaleares.com\\\/?s={search_term_string}\"},\"query-input\":{\"@type\":\"PropertyValueSpecification\",\"valueRequired\":true,\"valueName\":\"search_term_string\"}}],\"inLanguage\":\"ca\"},{\"@type\":\"Organization\",\"@id\":\"https:\\\/\\\/cgsbaleares.com\\\/#organization\",\"name\":\"Il\u00b7ustre Col\u00b7legi Oficial de Graduats Socials de le Illes Balears\",\"url\":\"https:\\\/\\\/cgsbaleares.com\\\/\",\"logo\":{\"@type\":\"ImageObject\",\"inLanguage\":\"ca\",\"@id\":\"https:\\\/\\\/cgsbaleares.com\\\/#\\\/schema\\\/logo\\\/image\\\/\",\"url\":\"https:\\\/\\\/cgsbaleares.com\\\/wp-content\\\/uploads\\\/2024\\\/08\\\/CGS_logo_baleares_500x152.png\",\"contentUrl\":\"https:\\\/\\\/cgsbaleares.com\\\/wp-content\\\/uploads\\\/2024\\\/08\\\/CGS_logo_baleares_500x152.png\",\"width\":500,\"height\":152,\"caption\":\"Il\u00b7ustre Col\u00b7legi Oficial de Graduats Socials de le Illes Balears\"},\"image\":{\"@id\":\"https:\\\/\\\/cgsbaleares.com\\\/#\\\/schema\\\/logo\\\/image\\\/\"},\"sameAs\":[\"https:\\\/\\\/www.facebook.com\\\/graduadossocialesbaleares\",\"https:\\\/\\\/x.com\\\/cgsbaleares\",\"https:\\\/\\\/www.instagram.com\\\/cgsbaleares\\\/\",\"https:\\\/\\\/www.linkedin.com\\\/company\\\/cgsbaleares\\\/\"]}]}<\/script>\n<!-- \/ Yoast SEO plugin. -->","yoast_head_json":{"title":"Benvinguda - Il\u00b7lustre Col\u00b7legi Oficial de Graduats Socials de le Illes Balears","robots":{"index":"index","follow":"follow","max-snippet":"max-snippet:-1","max-image-preview":"max-image-preview:large","max-video-preview":"max-video-preview:-1"},"canonical":"https:\/\/cgsbaleares.com\/el-colegio\/bienvenida\/","og_locale":"ca_ES","og_type":"article","og_title":"Benvinguda - Il\u00b7lustre Col\u00b7legi Oficial de Graduats Socials de le Illes Balears","og_description":"Benvinguts al Col\u00b7legi Oficial de Graduats Socials de les Illes Balears. L\u2019any 2025, any en qu\u00e8 es compleixen 100 anys del Reial decret que va assentar les bases de la Just\u00edcia Social a Espanya, en regular per primera vegada els centres amb car\u00e0cter d\u2019\u201cEscola de lo Social\u201d, bressol de l\u2019origen de la professi\u00f3 de Graduat [&hellip;]","og_url":"https:\/\/cgsbaleares.com\/el-colegio\/bienvenida\/","og_site_name":"Il\u00b7lustre Col\u00b7legi Oficial de Graduats Socials de le Illes Balears","article_publisher":"https:\/\/www.facebook.com\/graduadossocialesbaleares","article_modified_time":"2025-03-24T00:26:29+00:00","og_image":[{"url":"http:\/\/cgsbaleares.com\/wp-content\/uploads\/2024\/12\/fotomerce-merce-2-1024x682.jpg","type":"","width":"","height":""}],"twitter_card":"summary_large_image","twitter_site":"@cgsbaleares","twitter_misc":{"Temps estimat de lectura":"2 minuts"},"schema":{"@context":"https:\/\/schema.org","@graph":[{"@type":"WebPage","@id":"https:\/\/cgsbaleares.com\/el-colegio\/bienvenida\/","url":"https:\/\/cgsbaleares.com\/el-colegio\/bienvenida\/","name":"Benvinguda - Il\u00b7lustre Col\u00b7legi Oficial de Graduats Socials de le Illes Balears","isPartOf":{"@id":"https:\/\/cgsbaleares.com\/#website"},"primaryImageOfPage":{"@id":"https:\/\/cgsbaleares.com\/el-colegio\/bienvenida\/#primaryimage"},"image":{"@id":"https:\/\/cgsbaleares.com\/el-colegio\/bienvenida\/#primaryimage"},"thumbnailUrl":"http:\/\/cgsbaleares.com\/wp-content\/uploads\/2024\/12\/fotomerce-merce-2-1024x682.jpg","datePublished":"2024-10-26T22:01:45+00:00","dateModified":"2025-03-24T00:26:29+00:00","breadcrumb":{"@id":"https:\/\/cgsbaleares.com\/el-colegio\/bienvenida\/#breadcrumb"},"inLanguage":"ca","potentialAction":[{"@type":"ReadAction","target":["https:\/\/cgsbaleares.com\/el-colegio\/bienvenida\/"]}]},{"@type":"ImageObject","inLanguage":"ca","@id":"https:\/\/cgsbaleares.com\/el-colegio\/bienvenida\/#primaryimage","url":"http:\/\/cgsbaleares.com\/wp-content\/uploads\/2024\/12\/fotomerce-merce-2-1024x682.jpg","contentUrl":"http:\/\/cgsbaleares.com\/wp-content\/uploads\/2024\/12\/fotomerce-merce-2-1024x682.jpg"},{"@type":"BreadcrumbList","@id":"https:\/\/cgsbaleares.com\/el-colegio\/bienvenida\/#breadcrumb","itemListElement":[{"@type":"ListItem","position":1,"name":"Portada","item":"https:\/\/cgsbaleares.com\/ca\/"},{"@type":"ListItem","position":2,"name":"Benvinguda"}]},{"@type":"WebSite","@id":"https:\/\/cgsbaleares.com\/#website","url":"https:\/\/cgsbaleares.com\/","name":"Il\u00b7ustre Col\u00b7legi Oficial de Graduats Socials de le Illes Balears","description":"Il\u00b7lustre Col\u00b7legi Oficial de Graduats Socials de les Illes Balears","publisher":{"@id":"https:\/\/cgsbaleares.com\/#organization"},"potentialAction":[{"@type":"SearchAction","target":{"@type":"EntryPoint","urlTemplate":"https:\/\/cgsbaleares.com\/?s={search_term_string}"},"query-input":{"@type":"PropertyValueSpecification","valueRequired":true,"valueName":"search_term_string"}}],"inLanguage":"ca"},{"@type":"Organization","@id":"https:\/\/cgsbaleares.com\/#organization","name":"Il\u00b7ustre Col\u00b7legi Oficial de Graduats Socials de le Illes Balears","url":"https:\/\/cgsbaleares.com\/","logo":{"@type":"ImageObject","inLanguage":"ca","@id":"https:\/\/cgsbaleares.com\/#\/schema\/logo\/image\/","url":"https:\/\/cgsbaleares.com\/wp-content\/uploads\/2024\/08\/CGS_logo_baleares_500x152.png","contentUrl":"https:\/\/cgsbaleares.com\/wp-content\/uploads\/2024\/08\/CGS_logo_baleares_500x152.png","width":500,"height":152,"caption":"Il\u00b7ustre Col\u00b7legi Oficial de Graduats Socials de le Illes Balears"},"image":{"@id":"https:\/\/cgsbaleares.com\/#\/schema\/logo\/image\/"},"sameAs":["https:\/\/www.facebook.com\/graduadossocialesbaleares","https:\/\/x.com\/cgsbaleares","https:\/\/www.instagram.com\/cgsbaleares\/","https:\/\/www.linkedin.com\/company\/cgsbaleares\/"]}]}},"_links":{"self":[{"href":"https:\/\/cgsbaleares.com\/ca\/wp-json\/wp\/v2\/pages\/16028","targetHints":{"allow":["GET"]}}],"collection":[{"href":"https:\/\/cgsbaleares.com\/ca\/wp-json\/wp\/v2\/pages"}],"about":[{"href":"https:\/\/cgsbaleares.com\/ca\/wp-json\/wp\/v2\/types\/page"}],"author":[{"embeddable":true,"href":"https:\/\/cgsbaleares.com\/ca\/wp-json\/wp\/v2\/users\/1"}],"replies":[{"embeddable":true,"href":"https:\/\/cgsbaleares.com\/ca\/wp-json\/wp\/v2\/comments?post=16028"}],"version-history":[{"count":7,"href":"https:\/\/cgsbaleares.com\/ca\/wp-json\/wp\/v2\/pages\/16028\/revisions"}],"predecessor-version":[{"id":16035,"href":"https:\/\/cgsbaleares.com\/ca\/wp-json\/wp\/v2\/pages\/16028\/revisions\/16035"}],"wp:attachment":[{"href":"https:\/\/cgsbaleares.com\/ca\/wp-json\/wp\/v2\/media?parent=16028"}],"curies":[{"name":"wp","href":"https:\/\/api.w.org\/{rel}","templated":true}]}}